{"id":258,"date":"2024-11-25T17:56:10","date_gmt":"2024-11-25T17:56:10","guid":{"rendered":"https:\/\/heincolours.hein-farben.de\/?page_id=258"},"modified":"2024-12-10T17:01:11","modified_gmt":"2024-12-10T17:01:11","slug":"technische-informationen","status":"publish","type":"page","link":"https:\/\/hein-colours.de\/?page_id=258","title":{"rendered":"Technische Informationen"},"content":{"rendered":"\n  \n    \n    <section class=\"u-clearfix u-palette-1-light-3 u-section-2\" id=\"carousel_81b9\">\n      <div class=\"u-clearfix u-sheet u-sheet-1\">\n        <p class=\"u-text u-text-1\"><u>TECHNISCHE INFORMATIONEN<\/u><u>\n            <br>Hein\u00ae Colours&nbsp;Einf\u00e4rbeverfahren f\u00fcr expandierbares Polystyrol EPS<\/u>\n        <\/p>\n        <p class=\"u-text u-text-2\"> Zum Einf\u00e4rben von 1.000 kg des ungesch\u00e4umten EPS-Rohstoffes ben\u00f6tigt man nur&nbsp;1 kg des hochkonzentrierten Hein\u00ae-Farbpulvers.Verfahrenstechniken zum Einf\u00e4rben von EPS-Rohstoff mit&nbsp;Hein\u00ae Colours:<\/p>\n        <ul class=\"u-custom-list u-text u-text-3\">\n          <li>\n            <div class=\"u-list-icon\">\n              <svg xmlns=\"http:\/\/www.w3.org\/2000\/svg\" xmlns:xlink=\"http:\/\/www.w3.org\/1999\/xlink\" version=\"1.1\" xml:space=\"preserve\" class=\"u-svg-content\" viewBox=\"0 0 24 24\" id=\"svg-0a43\"><path d=\"m23.526 5.101c-.04-.399-.231-.759-.541-1.014l-2.318-1.904c-.639-.524-1.585-.432-2.111.207l-9.745 11.86-3.916-3.355c-.628-.536-1.576-.465-2.115.163l-1.952 2.278c-.261.304-.388.691-.357 1.091s.215.764.52 1.024l7.403 6.346c.275.235.616.361.974.361.044 0 .089-.002.134-.006.405-.036.77-.229 1.028-.542l12.662-15.411c.255-.309.373-.7.334-1.098z\" fill=\"#2196f3\"><\/path><path d=\"m.638 13.173c-.304.354-.452.807-.417 1.273.036.466.251.891.606 1.194l7.403 6.346v.001c.321.273.719.421 1.136.421.052 0 .104-.003.156-.007.472-.042.898-.266 1.199-.632l12.665-15.411c.613-.746.504-1.852-.242-2.464l-2.318-1.904c-.744-.612-1.848-.504-2.463.24l-9.584 11.665-3.722-3.189c-.732-.627-1.839-.543-2.467.189zm3.444-1.329 4.303 3.688c.153.131.348.196.554.178.201-.018.386-.115.514-.271l10.07-12.255c.087-.107.246-.123.352-.035l2.318 1.904c.107.088.123.246.035.353l-12.664 15.41c-.058.07-.132.087-.171.09-.039.006-.115.001-.185-.059l-7.404-6.346c-.068-.059-.083-.132-.086-.171-.003-.038.001-.113.06-.182l1.952-2.278c.089-.102.247-.116.352-.026z\"><\/path><\/svg>\n            <\/div> Freifallmischer&nbsp;(\u00e4hnlich wie f\u00fcr Beton) zum Einf\u00e4rben von Partien von 40 bis 100 kg\n          <\/li>\n          <li>\n            <div class=\"u-list-icon\">\n              <svg xmlns=\"http:\/\/www.w3.org\/2000\/svg\" xmlns:xlink=\"http:\/\/www.w3.org\/1999\/xlink\" version=\"1.1\" xml:space=\"preserve\" class=\"u-svg-content\" viewBox=\"0 0 24 24\" id=\"svg-0a43\"><path d=\"m23.526 5.101c-.04-.399-.231-.759-.541-1.014l-2.318-1.904c-.639-.524-1.585-.432-2.111.207l-9.745 11.86-3.916-3.355c-.628-.536-1.576-.465-2.115.163l-1.952 2.278c-.261.304-.388.691-.357 1.091s.215.764.52 1.024l7.403 6.346c.275.235.616.361.974.361.044 0 .089-.002.134-.006.405-.036.77-.229 1.028-.542l12.662-15.411c.255-.309.373-.7.334-1.098z\" fill=\"#2196f3\"><\/path><path d=\"m.638 13.173c-.304.354-.452.807-.417 1.273.036.466.251.891.606 1.194l7.403 6.346v.001c.321.273.719.421 1.136.421.052 0 .104-.003.156-.007.472-.042.898-.266 1.199-.632l12.665-15.411c.613-.746.504-1.852-.242-2.464l-2.318-1.904c-.744-.612-1.848-.504-2.463.24l-9.584 11.665-3.722-3.189c-.732-.627-1.839-.543-2.467.189zm3.444-1.329 4.303 3.688c.153.131.348.196.554.178.201-.018.386-.115.514-.271l10.07-12.255c.087-.107.246-.123.352-.035l2.318 1.904c.107.088.123.246.035.353l-12.664 15.41c-.058.07-.132.087-.171.09-.039.006-.115.001-.185-.059l-7.404-6.346c-.068-.059-.083-.132-.086-.171-.003-.038.001-.113.06-.182l1.952-2.278c.089-.102.247-.116.352-.026z\"><\/path><\/svg>\n            <\/div> Hein\u00ae-Spezial-Schnecken-Mischer&nbsp;zum Einf\u00e4rben von Partien von 100 bis 1.000 kg\n          <\/li>\n          <li>\n            <div class=\"u-list-icon\">\n              <svg xmlns=\"http:\/\/www.w3.org\/2000\/svg\" xmlns:xlink=\"http:\/\/www.w3.org\/1999\/xlink\" version=\"1.1\" xml:space=\"preserve\" class=\"u-svg-content\" viewBox=\"0 0 24 24\" id=\"svg-0a43\"><path d=\"m23.526 5.101c-.04-.399-.231-.759-.541-1.014l-2.318-1.904c-.639-.524-1.585-.432-2.111.207l-9.745 11.86-3.916-3.355c-.628-.536-1.576-.465-2.115.163l-1.952 2.278c-.261.304-.388.691-.357 1.091s.215.764.52 1.024l7.403 6.346c.275.235.616.361.974.361.044 0 .089-.002.134-.006.405-.036.77-.229 1.028-.542l12.662-15.411c.255-.309.373-.7.334-1.098z\" fill=\"#2196f3\"><\/path><path d=\"m.638 13.173c-.304.354-.452.807-.417 1.273.036.466.251.891.606 1.194l7.403 6.346v.001c.321.273.719.421 1.136.421.052 0 .104-.003.156-.007.472-.042.898-.266 1.199-.632l12.665-15.411c.613-.746.504-1.852-.242-2.464l-2.318-1.904c-.744-.612-1.848-.504-2.463.24l-9.584 11.665-3.722-3.189c-.732-.627-1.839-.543-2.467.189zm3.444-1.329 4.303 3.688c.153.131.348.196.554.178.201-.018.386-.115.514-.271l10.07-12.255c.087-.107.246-.123.352-.035l2.318 1.904c.107.088.123.246.035.353l-12.664 15.41c-.058.07-.132.087-.171.09-.039.006-.115.001-.185-.059l-7.404-6.346c-.068-.059-.083-.132-.086-.171-.003-.038.001-.113.06-.182l1.952-2.278c.089-.102.247-.116.352-.026z\"><\/path><\/svg>\n            <\/div> Direktes Einf\u00e4rben im diskontinuierlichen Vorsch\u00e4umer zum Einf\u00e4rben von Partien je nach Volumen des Vorsch\u00e4umers bis ca. 3.000kg\/Std.\n          <\/li>\n        <\/ul>\n        <p class=\"u-text u-text-4\"> Detaillierte Informationen zu den einzelnen Verfahrenstechniken finden Sie im Anhang. Schnelles Einf\u00e4rbeverfahren&nbsp;(2 Varianten):<\/p>\n        <ul class=\"u-custom-list u-text u-text-5\">\n          <li>\n            <div class=\"u-list-icon\">\n              <svg xmlns=\"http:\/\/www.w3.org\/2000\/svg\" xmlns:xlink=\"http:\/\/www.w3.org\/1999\/xlink\" version=\"1.1\" xml:space=\"preserve\" class=\"u-svg-content\" viewBox=\"0 0 24 24\" id=\"svg-15d8\"><path d=\"m23.526 5.101c-.04-.399-.231-.759-.541-1.014l-2.318-1.904c-.639-.524-1.585-.432-2.111.207l-9.745 11.86-3.916-3.355c-.628-.536-1.576-.465-2.115.163l-1.952 2.278c-.261.304-.388.691-.357 1.091s.215.764.52 1.024l7.403 6.346c.275.235.616.361.974.361.044 0 .089-.002.134-.006.405-.036.77-.229 1.028-.542l12.662-15.411c.255-.309.373-.7.334-1.098z\" fill=\"#2196f3\"><\/path><path d=\"m.638 13.173c-.304.354-.452.807-.417 1.273.036.466.251.891.606 1.194l7.403 6.346v.001c.321.273.719.421 1.136.421.052 0 .104-.003.156-.007.472-.042.898-.266 1.199-.632l12.665-15.411c.613-.746.504-1.852-.242-2.464l-2.318-1.904c-.744-.612-1.848-.504-2.463.24l-9.584 11.665-3.722-3.189c-.732-.627-1.839-.543-2.467.189zm3.444-1.329 4.303 3.688c.153.131.348.196.554.178.201-.018.386-.115.514-.271l10.07-12.255c.087-.107.246-.123.352-.035l2.318 1.904c.107.088.123.246.035.353l-12.664 15.41c-.058.07-.132.087-.171.09-.039.006-.115.001-.185-.059l-7.404-6.346c-.068-.059-.083-.132-.086-.171-.003-.038.001-.113.06-.182l1.952-2.278c.089-.102.247-.116.352-.026z\"><\/path><\/svg>\n            <\/div> Das Einf\u00e4rben von 1 t EPS im Freifall- bzw. Spezial-Schnecken-Mischer ist innerhalb von ca. 30 Min. m\u00f6glich\n          <\/li>\n          <li>\n            <div class=\"u-list-icon\">\n              <svg xmlns=\"http:\/\/www.w3.org\/2000\/svg\" xmlns:xlink=\"http:\/\/www.w3.org\/1999\/xlink\" version=\"1.1\" xml:space=\"preserve\" class=\"u-svg-content\" viewBox=\"0 0 24 24\" id=\"svg-15d8\"><path d=\"m23.526 5.101c-.04-.399-.231-.759-.541-1.014l-2.318-1.904c-.639-.524-1.585-.432-2.111.207l-9.745 11.86-3.916-3.355c-.628-.536-1.576-.465-2.115.163l-1.952 2.278c-.261.304-.388.691-.357 1.091s.215.764.52 1.024l7.403 6.346c.275.235.616.361.974.361.044 0 .089-.002.134-.006.405-.036.77-.229 1.028-.542l12.662-15.411c.255-.309.373-.7.334-1.098z\" fill=\"#2196f3\"><\/path><path d=\"m.638 13.173c-.304.354-.452.807-.417 1.273.036.466.251.891.606 1.194l7.403 6.346v.001c.321.273.719.421 1.136.421.052 0 .104-.003.156-.007.472-.042.898-.266 1.199-.632l12.665-15.411c.613-.746.504-1.852-.242-2.464l-2.318-1.904c-.744-.612-1.848-.504-2.463.24l-9.584 11.665-3.722-3.189c-.732-.627-1.839-.543-2.467.189zm3.444-1.329 4.303 3.688c.153.131.348.196.554.178.201-.018.386-.115.514-.271l10.07-12.255c.087-.107.246-.123.352-.035l2.318 1.904c.107.088.123.246.035.353l-12.664 15.41c-.058.07-.132.087-.171.09-.039.006-.115.001-.185-.059l-7.404-6.346c-.068-.059-.083-.132-.086-.171-.003-.038.001-.113.06-.182l1.952-2.278c.089-.102.247-.116.352-.026z\"><\/path><\/svg>\n            <\/div> Im diskontinuierlichen Vorsch\u00e4umer ist das Verfahren in den Prozess des Vorsch\u00e4umens eingebunden, so dass keine separate Mischzeit anf\u00e4llt. Das eingef\u00e4rbte Material kann umgehend weiterverarbeitet werden.\n          <\/li>\n        <\/ul>\n        <p class=\"u-text u-text-6\"> Sauberes Einf\u00e4rbeverfahren:<\/p>\n        <ul class=\"u-custom-list u-text u-text-7\">\n          <li>\n            <div class=\"u-list-icon\">\n              <svg xmlns=\"http:\/\/www.w3.org\/2000\/svg\" xmlns:xlink=\"http:\/\/www.w3.org\/1999\/xlink\" version=\"1.1\" xml:space=\"preserve\" class=\"u-svg-content\" viewBox=\"0 0 24 24\" id=\"svg-2f45\"><path d=\"m23.526 5.101c-.04-.399-.231-.759-.541-1.014l-2.318-1.904c-.639-.524-1.585-.432-2.111.207l-9.745 11.86-3.916-3.355c-.628-.536-1.576-.465-2.115.163l-1.952 2.278c-.261.304-.388.691-.357 1.091s.215.764.52 1.024l7.403 6.346c.275.235.616.361.974.361.044 0 .089-.002.134-.006.405-.036.77-.229 1.028-.542l12.662-15.411c.255-.309.373-.7.334-1.098z\" fill=\"#2196f3\"><\/path><path d=\"m.638 13.173c-.304.354-.452.807-.417 1.273.036.466.251.891.606 1.194l7.403 6.346v.001c.321.273.719.421 1.136.421.052 0 .104-.003.156-.007.472-.042.898-.266 1.199-.632l12.665-15.411c.613-.746.504-1.852-.242-2.464l-2.318-1.904c-.744-.612-1.848-.504-2.463.24l-9.584 11.665-3.722-3.189c-.732-.627-1.839-.543-2.467.189zm3.444-1.329 4.303 3.688c.153.131.348.196.554.178.201-.018.386-.115.514-.271l10.07-12.255c.087-.107.246-.123.352-.035l2.318 1.904c.107.088.123.246.035.353l-12.664 15.41c-.058.07-.132.087-.171.09-.039.006-.115.001-.185-.059l-7.404-6.346c-.068-.059-.083-.132-.086-.171-.003-.038.001-.113.06-.182l1.952-2.278c.089-.102.247-.116.352-.026z\"><\/path><\/svg>\n            <\/div> Vom eingef\u00e4rbten Rohstoff sowie vom vorgesch\u00e4umten Material reiben sich die Farben nicht ab, so dass sich Vorsch\u00e4umger\u00e4t, Vakuumpumpen, Rohrleitungen, Injektoren, D\u00fcsen, K\u00fchlwasser und Formen nicht mit Farbstoff verunreinigen. Die lose im Vorsch\u00e4umer verbliebenen Perlen k\u00f6nnen bei Farbwechsel mit Hilfe von Pressluft weggeblasen oder abgesaugt werden. Die Zykluszeiten beim Verarbeiten sind wie bei wei\u00dfem EPS.\n          <\/li>\n        <\/ul>\n        <p class=\"u-text u-text-8\"> Weitere Vorteile von Hein\u00ae-Farbpulver:<\/p>\n        <ul class=\"u-custom-list u-text u-text-9\">\n          <li>\n            <div class=\"u-list-icon\">\n              <svg xmlns=\"http:\/\/www.w3.org\/2000\/svg\" xmlns:xlink=\"http:\/\/www.w3.org\/1999\/xlink\" version=\"1.1\" xml:space=\"preserve\" class=\"u-svg-content\" viewBox=\"0 0 24 24\" id=\"svg-bc11\"><path d=\"m23.526 5.101c-.04-.399-.231-.759-.541-1.014l-2.318-1.904c-.639-.524-1.585-.432-2.111.207l-9.745 11.86-3.916-3.355c-.628-.536-1.576-.465-2.115.163l-1.952 2.278c-.261.304-.388.691-.357 1.091s.215.764.52 1.024l7.403 6.346c.275.235.616.361.974.361.044 0 .089-.002.134-.006.405-.036.77-.229 1.028-.542l12.662-15.411c.255-.309.373-.7.334-1.098z\" fill=\"#2196f3\"><\/path><path d=\"m.638 13.173c-.304.354-.452.807-.417 1.273.036.466.251.891.606 1.194l7.403 6.346v.001c.321.273.719.421 1.136.421.052 0 .104-.003.156-.007.472-.042.898-.266 1.199-.632l12.665-15.411c.613-.746.504-1.852-.242-2.464l-2.318-1.904c-.744-.612-1.848-.504-2.463.24l-9.584 11.665-3.722-3.189c-.732-.627-1.839-.543-2.467.189zm3.444-1.329 4.303 3.688c.153.131.348.196.554.178.201-.018.386-.115.514-.271l10.07-12.255c.087-.107.246-.123.352-.035l2.318 1.904c.107.088.123.246.035.353l-12.664 15.41c-.058.07-.132.087-.171.09-.039.006-.115.001-.185-.059l-7.404-6.346c-.068-.059-.083-.132-.086-.171-.003-.038.001-.113.06-.182l1.952-2.278c.089-.102.247-.116.352-.026z\"><\/path><\/svg>\n            <\/div> Nur die tats\u00e4chlich ben\u00f6tigte Menge EPS wird eingef\u00e4rbt\n          <\/li>\n          <li>\n            <div class=\"u-list-icon\">\n              <svg xmlns=\"http:\/\/www.w3.org\/2000\/svg\" xmlns:xlink=\"http:\/\/www.w3.org\/1999\/xlink\" version=\"1.1\" xml:space=\"preserve\" class=\"u-svg-content\" viewBox=\"0 0 24 24\" id=\"svg-bc11\"><path d=\"m23.526 5.101c-.04-.399-.231-.759-.541-1.014l-2.318-1.904c-.639-.524-1.585-.432-2.111.207l-9.745 11.86-3.916-3.355c-.628-.536-1.576-.465-2.115.163l-1.952 2.278c-.261.304-.388.691-.357 1.091s.215.764.52 1.024l7.403 6.346c.275.235.616.361.974.361.044 0 .089-.002.134-.006.405-.036.77-.229 1.028-.542l12.662-15.411c.255-.309.373-.7.334-1.098z\" fill=\"#2196f3\"><\/path><path d=\"m.638 13.173c-.304.354-.452.807-.417 1.273.036.466.251.891.606 1.194l7.403 6.346v.001c.321.273.719.421 1.136.421.052 0 .104-.003.156-.007.472-.042.898-.266 1.199-.632l12.665-15.411c.613-.746.504-1.852-.242-2.464l-2.318-1.904c-.744-.612-1.848-.504-2.463.24l-9.584 11.665-3.722-3.189c-.732-.627-1.839-.543-2.467.189zm3.444-1.329 4.303 3.688c.153.131.348.196.554.178.201-.018.386-.115.514-.271l10.07-12.255c.087-.107.246-.123.352-.035l2.318 1.904c.107.088.123.246.035.353l-12.664 15.41c-.058.07-.132.087-.171.09-.039.006-.115.001-.185-.059l-7.404-6.346c-.068-.059-.083-.132-.086-.171-.003-.038.001-.113.06-.182l1.952-2.278c.089-.102.247-.116.352-.026z\"><\/path><\/svg>\n            <\/div> Kleinste bis gr\u00f6\u00dfte EPS-Perlen k\u00f6nnen eingef\u00e4rbt werden\n          <\/li>\n          <li>\n            <div class=\"u-list-icon\">\n              <svg xmlns=\"http:\/\/www.w3.org\/2000\/svg\" xmlns:xlink=\"http:\/\/www.w3.org\/1999\/xlink\" version=\"1.1\" xml:space=\"preserve\" class=\"u-svg-content\" viewBox=\"0 0 24 24\" id=\"svg-bc11\"><path d=\"m23.526 5.101c-.04-.399-.231-.759-.541-1.014l-2.318-1.904c-.639-.524-1.585-.432-2.111.207l-9.745 11.86-3.916-3.355c-.628-.536-1.576-.465-2.115.163l-1.952 2.278c-.261.304-.388.691-.357 1.091s.215.764.52 1.024l7.403 6.346c.275.235.616.361.974.361.044 0 .089-.002.134-.006.405-.036.77-.229 1.028-.542l12.662-15.411c.255-.309.373-.7.334-1.098z\" fill=\"#2196f3\"><\/path><path d=\"m.638 13.173c-.304.354-.452.807-.417 1.273.036.466.251.891.606 1.194l7.403 6.346v.001c.321.273.719.421 1.136.421.052 0 .104-.003.156-.007.472-.042.898-.266 1.199-.632l12.665-15.411c.613-.746.504-1.852-.242-2.464l-2.318-1.904c-.744-.612-1.848-.504-2.463.24l-9.584 11.665-3.722-3.189c-.732-.627-1.839-.543-2.467.189zm3.444-1.329 4.303 3.688c.153.131.348.196.554.178.201-.018.386-.115.514-.271l10.07-12.255c.087-.107.246-.123.352-.035l2.318 1.904c.107.088.123.246.035.353l-12.664 15.41c-.058.07-.132.087-.171.09-.039.006-.115.001-.185-.059l-7.404-6.346c-.068-.059-.083-.132-.086-.171-.003-.038.001-.113.06-.182l1.952-2.278c.089-.102.247-.116.352-.026z\"><\/path><\/svg>\n            <\/div> Nicht giftig und daher f\u00fcr Lebensmittel- und Spielzeugverpackungen zugelassen (Das muss vom Kunden am Endprodukt \u00fcberpr\u00fcft werden).\n          <\/li>\n          <li>\n            <div class=\"u-list-icon\">\n              <svg xmlns=\"http:\/\/www.w3.org\/2000\/svg\" xmlns:xlink=\"http:\/\/www.w3.org\/1999\/xlink\" version=\"1.1\" xml:space=\"preserve\" class=\"u-svg-content\" viewBox=\"0 0 24 24\" id=\"svg-bc11\"><path d=\"m23.526 5.101c-.04-.399-.231-.759-.541-1.014l-2.318-1.904c-.639-.524-1.585-.432-2.111.207l-9.745 11.86-3.916-3.355c-.628-.536-1.576-.465-2.115.163l-1.952 2.278c-.261.304-.388.691-.357 1.091s.215.764.52 1.024l7.403 6.346c.275.235.616.361.974.361.044 0 .089-.002.134-.006.405-.036.77-.229 1.028-.542l12.662-15.411c.255-.309.373-.7.334-1.098z\" fill=\"#2196f3\"><\/path><path d=\"m.638 13.173c-.304.354-.452.807-.417 1.273.036.466.251.891.606 1.194l7.403 6.346v.001c.321.273.719.421 1.136.421.052 0 .104-.003.156-.007.472-.042.898-.266 1.199-.632l12.665-15.411c.613-.746.504-1.852-.242-2.464l-2.318-1.904c-.744-.612-1.848-.504-2.463.24l-9.584 11.665-3.722-3.189c-.732-.627-1.839-.543-2.467.189zm3.444-1.329 4.303 3.688c.153.131.348.196.554.178.201-.018.386-.115.514-.271l10.07-12.255c.087-.107.246-.123.352-.035l2.318 1.904c.107.088.123.246.035.353l-12.664 15.41c-.058.07-.132.087-.171.09-.039.006-.115.001-.185-.059l-7.404-6.346c-.068-.059-.083-.132-.086-.171-.003-.038.001-.113.06-.182l1.952-2.278c.089-.102.247-.116.352-.026z\"><\/path><\/svg>\n            <\/div>REACH-konform\n          <\/li>\n          <li>\n            <div class=\"u-list-icon\">\n              <svg xmlns=\"http:\/\/www.w3.org\/2000\/svg\" xmlns:xlink=\"http:\/\/www.w3.org\/1999\/xlink\" version=\"1.1\" xml:space=\"preserve\" class=\"u-svg-content\" viewBox=\"0 0 24 24\" id=\"svg-bc11\"><path d=\"m23.526 5.101c-.04-.399-.231-.759-.541-1.014l-2.318-1.904c-.639-.524-1.585-.432-2.111.207l-9.745 11.86-3.916-3.355c-.628-.536-1.576-.465-2.115.163l-1.952 2.278c-.261.304-.388.691-.357 1.091s.215.764.52 1.024l7.403 6.346c.275.235.616.361.974.361.044 0 .089-.002.134-.006.405-.036.77-.229 1.028-.542l12.662-15.411c.255-.309.373-.7.334-1.098z\" fill=\"#2196f3\"><\/path><path d=\"m.638 13.173c-.304.354-.452.807-.417 1.273.036.466.251.891.606 1.194l7.403 6.346v.001c.321.273.719.421 1.136.421.052 0 .104-.003.156-.007.472-.042.898-.266 1.199-.632l12.665-15.411c.613-.746.504-1.852-.242-2.464l-2.318-1.904c-.744-.612-1.848-.504-2.463.24l-9.584 11.665-3.722-3.189c-.732-.627-1.839-.543-2.467.189zm3.444-1.329 4.303 3.688c.153.131.348.196.554.178.201-.018.386-.115.514-.271l10.07-12.255c.087-.107.246-.123.352-.035l2.318 1.904c.107.088.123.246.035.353l-12.664 15.41c-.058.07-.132.087-.171.09-.039.006-.115.001-.185-.059l-7.404-6.346c-.068-.059-.083-.132-.086-.171-.003-.038.001-.113.06-.182l1.952-2.278c.089-.102.247-.116.352-.026z\"><\/path><\/svg>\n            <\/div>Kein Gefahrgut gem. 67\/548\/EWG oder 1999\/45\/EG \u2192 Versand per Luftfracht ist m\u00f6glich\n          <\/li>\n          <li>\n            <div class=\"u-list-icon\">\n              <svg xmlns=\"http:\/\/www.w3.org\/2000\/svg\" xmlns:xlink=\"http:\/\/www.w3.org\/1999\/xlink\" version=\"1.1\" xml:space=\"preserve\" class=\"u-svg-content\" viewBox=\"0 0 24 24\" id=\"svg-bc11\"><path d=\"m23.526 5.101c-.04-.399-.231-.759-.541-1.014l-2.318-1.904c-.639-.524-1.585-.432-2.111.207l-9.745 11.86-3.916-3.355c-.628-.536-1.576-.465-2.115.163l-1.952 2.278c-.261.304-.388.691-.357 1.091s.215.764.52 1.024l7.403 6.346c.275.235.616.361.974.361.044 0 .089-.002.134-.006.405-.036.77-.229 1.028-.542l12.662-15.411c.255-.309.373-.7.334-1.098z\" fill=\"#2196f3\"><\/path><path d=\"m.638 13.173c-.304.354-.452.807-.417 1.273.036.466.251.891.606 1.194l7.403 6.346v.001c.321.273.719.421 1.136.421.052 0 .104-.003.156-.007.472-.042.898-.266 1.199-.632l12.665-15.411c.613-.746.504-1.852-.242-2.464l-2.318-1.904c-.744-.612-1.848-.504-2.463.24l-9.584 11.665-3.722-3.189c-.732-.627-1.839-.543-2.467.189zm3.444-1.329 4.303 3.688c.153.131.348.196.554.178.201-.018.386-.115.514-.271l10.07-12.255c.087-.107.246-.123.352-.035l2.318 1.904c.107.088.123.246.035.353l-12.664 15.41c-.058.07-.132.087-.171.09-.039.006-.115.001-.185-.059l-7.404-6.346c-.068-.059-.083-.132-.086-.171-.003-.038.001-.113.06-.182l1.952-2.278c.089-.102.247-.116.352-.026z\"><\/path><\/svg>\n            <\/div>Die Lichtechtheit nach der Wollskala ist sehr gut bis vorz\u00fcglich\n          <\/li>\n          <li>\n            <div class=\"u-list-icon\">\n              <svg xmlns=\"http:\/\/www.w3.org\/2000\/svg\" xmlns:xlink=\"http:\/\/www.w3.org\/1999\/xlink\" version=\"1.1\" xml:space=\"preserve\" class=\"u-svg-content\" viewBox=\"0 0 24 24\" id=\"svg-bc11\"><path d=\"m23.526 5.101c-.04-.399-.231-.759-.541-1.014l-2.318-1.904c-.639-.524-1.585-.432-2.111.207l-9.745 11.86-3.916-3.355c-.628-.536-1.576-.465-2.115.163l-1.952 2.278c-.261.304-.388.691-.357 1.091s.215.764.52 1.024l7.403 6.346c.275.235.616.361.974.361.044 0 .089-.002.134-.006.405-.036.77-.229 1.028-.542l12.662-15.411c.255-.309.373-.7.334-1.098z\" fill=\"#2196f3\"><\/path><path d=\"m.638 13.173c-.304.354-.452.807-.417 1.273.036.466.251.891.606 1.194l7.403 6.346v.001c.321.273.719.421 1.136.421.052 0 .104-.003.156-.007.472-.042.898-.266 1.199-.632l12.665-15.411c.613-.746.504-1.852-.242-2.464l-2.318-1.904c-.744-.612-1.848-.504-2.463.24l-9.584 11.665-3.722-3.189c-.732-.627-1.839-.543-2.467.189zm3.444-1.329 4.303 3.688c.153.131.348.196.554.178.201-.018.386-.115.514-.271l10.07-12.255c.087-.107.246-.123.352-.035l2.318 1.904c.107.088.123.246.035.353l-12.664 15.41c-.058.07-.132.087-.171.09-.039.006-.115.001-.185-.059l-7.404-6.346c-.068-.059-.083-.132-.086-.171-.003-.038.001-.113.06-.182l1.952-2.278c.089-.102.247-.116.352-.026z\"><\/path><\/svg>\n            <\/div>Bei EPS-Rohstoff \u201eschwer entflammbar\u201c geht die Flammschutzwirkung nicht verloren;<br>die Wasseraufnahme ist bei eingef\u00e4rbtem EPS nachweislich etwas geringer\n          <\/li>\n          <li>\n            <div class=\"u-list-icon\">\n              <svg xmlns=\"http:\/\/www.w3.org\/2000\/svg\" xmlns:xlink=\"http:\/\/www.w3.org\/1999\/xlink\" version=\"1.1\" xml:space=\"preserve\" class=\"u-svg-content\" viewBox=\"0 0 24 24\" id=\"svg-bc11\"><path d=\"m23.526 5.101c-.04-.399-.231-.759-.541-1.014l-2.318-1.904c-.639-.524-1.585-.432-2.111.207l-9.745 11.86-3.916-3.355c-.628-.536-1.576-.465-2.115.163l-1.952 2.278c-.261.304-.388.691-.357 1.091s.215.764.52 1.024l7.403 6.346c.275.235.616.361.974.361.044 0 .089-.002.134-.006.405-.036.77-.229 1.028-.542l12.662-15.411c.255-.309.373-.7.334-1.098z\" fill=\"#2196f3\"><\/path><path d=\"m.638 13.173c-.304.354-.452.807-.417 1.273.036.466.251.891.606 1.194l7.403 6.346v.001c.321.273.719.421 1.136.421.052 0 .104-.003.156-.007.472-.042.898-.266 1.199-.632l12.665-15.411c.613-.746.504-1.852-.242-2.464l-2.318-1.904c-.744-.612-1.848-.504-2.463.24l-9.584 11.665-3.722-3.189c-.732-.627-1.839-.543-2.467.189zm3.444-1.329 4.303 3.688c.153.131.348.196.554.178.201-.018.386-.115.514-.271l10.07-12.255c.087-.107.246-.123.352-.035l2.318 1.904c.107.088.123.246.035.353l-12.664 15.41c-.058.07-.132.087-.171.09-.039.006-.115.001-.185-.059l-7.404-6.346c-.068-.059-.083-.132-.086-.171-.003-.038.001-.113.06-.182l1.952-2.278c.089-.102.247-.116.352-.026z\"><\/path><\/svg>\n            <\/div>Mindestens 5 Jahre lagerf\u00e4hig\n          <\/li>\n          <li>\n            <div class=\"u-list-icon\">\n              <svg xmlns=\"http:\/\/www.w3.org\/2000\/svg\" xmlns:xlink=\"http:\/\/www.w3.org\/1999\/xlink\" version=\"1.1\" xml:space=\"preserve\" class=\"u-svg-content\" viewBox=\"0 0 24 24\" id=\"svg-bc11\"><path d=\"m23.526 5.101c-.04-.399-.231-.759-.541-1.014l-2.318-1.904c-.639-.524-1.585-.432-2.111.207l-9.745 11.86-3.916-3.355c-.628-.536-1.576-.465-2.115.163l-1.952 2.278c-.261.304-.388.691-.357 1.091s.215.764.52 1.024l7.403 6.346c.275.235.616.361.974.361.044 0 .089-.002.134-.006.405-.036.77-.229 1.028-.542l12.662-15.411c.255-.309.373-.7.334-1.098z\" fill=\"#2196f3\"><\/path><path d=\"m.638 13.173c-.304.354-.452.807-.417 1.273.036.466.251.891.606 1.194l7.403 6.346v.001c.321.273.719.421 1.136.421.052 0 .104-.003.156-.007.472-.042.898-.266 1.199-.632l12.665-15.411c.613-.746.504-1.852-.242-2.464l-2.318-1.904c-.744-.612-1.848-.504-2.463.24l-9.584 11.665-3.722-3.189c-.732-.627-1.839-.543-2.467.189zm3.444-1.329 4.303 3.688c.153.131.348.196.554.178.201-.018.386-.115.514-.271l10.07-12.255c.087-.107.246-.123.352-.035l2.318 1.904c.107.088.123.246.035.353l-12.664 15.41c-.058.07-.132.087-.171.09-.039.006-.115.001-.185-.059l-7.404-6.346c-.068-.059-.083-.132-.086-.171-.003-.038.001-.113.06-.182l1.952-2.278c.089-.102.247-.116.352-.026z\"><\/path><\/svg>\n            <\/div>Es sind folgende&nbsp;Standardfarben&nbsp;lieferbar:&nbsp;Blau, Gelb, Gr\u00fcn, Rot, Orange, Braun und Schwarz. Diese Farben k\u00f6nnen bei Bedarf untereinander vermischt werden, so dass au\u00dferdem diverse Farb-Nuancen angeboten werden k\u00f6nnen (z.B. Violet, Oliv, Softgr\u00fcn).\n          <\/li>\n        <\/ul>\n        <blockquote class=\"u-text u-text-10\"><span class=\"u-icon u-icon-1\"><svg class=\"u-svg-content\" viewBox=\"0 0 58 58\" x=\"0px\" y=\"0px\" style=\"width: 1em; height: 1em;\"><circle style=\"fill:currentColor;\" cx=\"29\" cy=\"29\" r=\"29\"><\/circle><g><polygon style=\"fill:#FFFFFF;\" points=\"44,29 22,44 22,29.273 22,14 \t\"><\/polygon><path style=\"fill:#FFFFFF;\" d=\"M22,45c-0.16,0-0.321-0.038-0.467-0.116C21.205,44.711,21,44.371,21,44V14\n\t\tc0-0.371,0.205-0.711,0.533-0.884c0.328-0.174,0.724-0.15,1.031,0.058l22,15C44.836,28.36,45,28.669,45,29s-0.164,0.64-0.437,0.826\n\t\tl-22,15C22.394,44.941,22.197,45,22,45z M23,15.893v26.215L42.225,29L23,15.893z\"><\/path>\n<\/g><\/svg><\/span>&nbsp;\u200bHINWEIS:&nbsp;<br>Da der EPS-<u>Rohstoff<\/u>&nbsp;eingef\u00e4rbt wird, erscheinen die Farben nach dem Aufsch\u00e4umen des Materials immer in Pastellt\u00f6nen (z.B. aus Schwarz wird Grau).<br>Aus dem mit&nbsp;Hein\u00ae Colours&nbsp;gef\u00e4rbten EPS k\u00f6nnen mit wenig Aufwand einwandfrei verschwei\u00dfte und gleichm\u00e4\u00dfig durchgef\u00e4rbte Formteile&nbsp; &nbsp; &nbsp; hergestellt werden. Durch das Einf\u00e4rben wird die Festigkeit der Formteile oder Bl\u00f6cke nicht beeinflusst. Auch die Sto\u00dffestigkeit bleibt unver\u00e4ndert.\n        <\/blockquote>\n        <p class=\"u-text u-text-11\"> Diese technischen Hinweise beruhen auf unserer \u00fcber 30-j\u00e4hrigen eigenen Produktionserfahrung in der EPS-Verarbeitung.<\/p>\n      <\/div>\n    <\/section>\n    \n    \n    \n  \n","protected":false},"excerpt":{"rendered":"<p>TECHNISCHE INFORMATIONEN Hein\u00ae Colours&nbsp;Einf\u00e4rbeverfahren f\u00fcr expandierbares Polystyrol EPS Zum Einf\u00e4rben von 1.000 kg des ungesch\u00e4umten EPS-Rohstoffes ben\u00f6tigt man nur&nbsp;1 kg des hochkonzentrierten Hein\u00ae-Farbpulvers.Verfahrenstechniken zum Einf\u00e4rben von EPS-Rohstoff mit&nbsp;Hein\u00ae Colours: Freifallmischer&nbsp;(\u00e4hnlich wie f\u00fcr Beton) zum Einf\u00e4rben von Partien von 40 bis 100 kg Hein\u00ae-Spezial-Schnecken-Mischer&nbsp;zum Einf\u00e4rben von Partien von 100 bis 1.000 kg Direktes Einf\u00e4rben im diskontinuierlichen &hellip; <a href=\"https:\/\/hein-colours.de\/?page_id=258\" class=\"more-link\">Continue reading<span class=\"screen-reader-text\"> &#8222;Technische Informationen&#8220;<\/span><\/a><\/p>\n","protected":false},"author":1,"featured_media":0,"parent":0,"menu_order":0,"comment_status":"closed","ping_status":"closed","template":"","meta":{"footnotes":""},"class_list":["post-258","page","type-page","status-publish","hentry"],"_links":{"self":[{"href":"https:\/\/hein-colours.de\/index.php?rest_route=\/wp\/v2\/pages\/258","targetHints":{"allow":["GET"]}}],"collection":[{"href":"https:\/\/hein-colours.de\/index.php?rest_route=\/wp\/v2\/pages"}],"about":[{"href":"https:\/\/hein-colours.de\/index.php?rest_route=\/wp\/v2\/types\/page"}],"author":[{"embeddable":true,"href":"https:\/\/hein-colours.de\/index.php?rest_route=\/wp\/v2\/users\/1"}],"replies":[{"embeddable":true,"href":"https:\/\/hein-colours.de\/index.php?rest_route=%2Fwp%2Fv2%2Fcomments&post=258"}],"version-history":[{"count":6,"href":"https:\/\/hein-colours.de\/index.php?rest_route=\/wp\/v2\/pages\/258\/revisions"}],"predecessor-version":[{"id":538,"href":"https:\/\/hein-colours.de\/index.php?rest_route=\/wp\/v2\/pages\/258\/revisions\/538"}],"wp:attachment":[{"href":"https:\/\/hein-colours.de\/index.php?rest_route=%2Fwp%2Fv2%2Fmedia&parent=258"}],"curies":[{"name":"wp","href":"https:\/\/api.w.org\/{rel}","templated":true}]}}