{"id":3,"date":"2024-11-18T17:33:29","date_gmt":"2024-11-18T17:33:29","guid":{"rendered":"https:\/\/heincolours.hein-farben.de\/?page_id=3"},"modified":"2025-11-16T15:09:08","modified_gmt":"2025-11-16T15:09:08","slug":"privacy-policy","status":"publish","type":"page","link":"https:\/\/hein-colours.de\/?page_id=3","title":{"rendered":"Datenschutzerkl\u00e4rung"},"content":{"rendered":"\n    \n    <section class=\"u-clearfix u-palette-1-light-3 u-section-2\" id=\"sec-5c83\">\n      <div class=\"u-clearfix u-sheet u-sheet-1\">\n        <p class=\"u-small-text u-text u-text-default u-text-variant u-text-1\"><span style=\"font-weight: 700; font-size: 1rem;\">DATENSCHUTZERKL\u00c4RUNG&nbsp;<\/span>\n          <br>\n          <br>Mit dieser Erkl\u00e4rung informieren wir Sie \u00fcber datenschutzrelevanten Aspekte sowie \u00fcber die eingesetzten Ma\u00dfnahmen, um Ihre Rechte zu wahren.&nbsp; Die Firma Hein Colours GmbH h\u00e4lt sich an die Anforderungen des Bundesdatenschutzgesetzes (BDSG) und der EU-Datenschutzgrundverordnung (EU-DSGVO). <br> Erfassung und Nutzung personenbezogener Daten<br>\n          <br>1.1. Grunds\u00e4tzliches<br>Ihre Daten dienen allein dazu, Ihnen ein gr\u00f6\u00dftm\u00f6gliches benutzerfreundliches, praktisches und sicheres Internetangebot anbieten zu k\u00f6nnen. Zu den personenbezogenen Daten geh\u00f6ren alle Informationen \u00fcber pers\u00f6nliche oder sachliche Verh\u00e4ltnisse einer bestimmten oder bestimmbaren nat\u00fcrlichen Person, z.B. Name, Adresse, Kontaktdaten, IP-Adressen, \u00fcbertragene Datenmengen usw.&nbsp;<br>\n          <br>1.2. Automatische Verarbeitung durch Webseiten-Betrieb<br>Die Webseiten werden bei einem Provider in Deutschland betrieben, der seinerseits f\u00fcr den Betrieb des Webangebotes die Zugriffe auf das System in sogenannten Serverlogs speichert. Hierbei werden in der Regel folgende Daten erhoben: IP-Adressen, Zeitstempel der Zugriffe, Namen der Webseiten, \u00dcbertragene Datenmenden, Abmeldungen bzw. Abbr\u00fcche, Browsertypen, Infos vom Betriebssystem, Referrrer URLs. Diese Daten werden von uns nicht gespeichert oder ausgewertet. Im Falle eines berechtigten Verdachts auf Mi\u00dfbrauch anhand von konkreten Informationen, k\u00f6nnen diese Logfiles nachtr\u00e4glich gepr\u00fcft werden.&nbsp;<br>\n          <br>1.3. Dateneingaben durch den Webseiten-Nutzer<br>Sie k\u00f6nnen dar\u00fcber hinaus, unsere Webseiten ohne die Eingabe pers\u00f6nlicher Daten uneingeschr\u00e4nkt nutzen. Sofern wir personenbezogene Daten erheben werden wir jeweils \u00fcber den Zweck, Umfang, Rechtm\u00e4\u00dfigkeit, und m\u00f6gliche Weitergaben informieren und dies nur f\u00fcr diese Zwecke nutzen. Die Eingabe dieser Daten durch Sie erfolgt freiwillig.\n Verwendung der Daten<br>\n          <br>2.1. Die Firma Hein Colours GmbH verwendet die erhobenen und verarbeiteten personenbezogenen Daten ausschlie\u00dflich zu Zwecken der Erbringung unserer Leistungen aus der mit Ihnen geschlossenen Nutzungsvereinbarung sowie zur Abwicklungen von Zahlungen. Dabei beachtet die Firma Hein Colours GmbH selbstverst\u00e4ndlich alle anwendbaren Datenschutzgesetze, insbesondere das Bundesdatenschutzgesetz\/EU-DSGVO sowie das Telemediengesetz (TMG).&nbsp;<br>\n          <br>2.2.Die Firma Hein Colours GmbH gibt Ihre personenbezogenen Daten nicht an Dritte f\u00fcr Marketing- oder \u00e4hnliche Zwecke weiter. Eine Weitergabe von Daten erfolgt nur, wenn und soweit dies zur Durchf\u00fchrung der Nutzungsvereinbarung notwendig ist, die Firma Hein Colours GmbH gesetzlich dazu verpflichtet wird oder es zur Durchsetzung der allgemeinen Nutzungsbedingungen oder anderer mit Ihnen geschlossenen Vereinbarungen sowie unserer Rechte und Forderungen erforderlich sein sollte.&nbsp;<br>\n          <br>2.3. Kundeninformationen per eMail<br>Im Rahmen der Kundenbindung, versenden wir aktuelle Informationen an unsere Kunden, um Sie \u00fcber Neuigkeiten und \u00c4nderungen innerhalb unseres Angebots zu informieren. Diese Informationen sind nicht zu verwechseln mit den allgemeinen Newslettern. Sofern es unsere&nbsp;&nbsp;Angebote&nbsp;betrifft und z.B. sicherheitsrelevante Punkte enth\u00e4lt oder wichtige Informationen aus unserem Hause, so k\u00f6nnen wir dies nur per Email abwickeln. Bitte haben Sie Verst\u00e4ndnis daf\u00fcr.\n Cookies<br> Unsere Webseite verwendet Cookies, um Ihnen einen effektiven Umgang und eine benutzerfreundliches Handling zu bieten. Dies macht den Einsatz von Cookies erforderlich und begr\u00fcndet unser berechtigtes Interesse, diese Technik zu nutzen. Die meisten Browser bieten Ihnen die Funktionalit\u00e4t, sich die verwendeten Cookies anzeigen zu lassen.\nFalls Sie die Verwendung von Cookies jedoch generell unterbinden m\u00f6chten, besteht dazu bei Ihrem Browser die M\u00f6glichkeit, die Annahme und Speicherung neuer Cookies zu verhindern. Um herauszufinden, wie dies bei Ihrem Browser funktioniert, benutzt Sie bitte die Hilfe-Funktion des jeweiligen Browsers. Die Firma Hein Colours GmbH empfehlt Ihnen jedoch, die Cookies-Funktionen eingeschaltet zu lassen, da Ihnen nur dann das hohe Niveau des Benutzungskomforts, welches die Firma Hein Colours GmbH f\u00fcr Sie eingerichtet hat in vollem Umfang zu Gute kommt. Wir erstellen keine Nutzerprofile aus diesen durch Cookies erfassten Nutzerdaten.\n Sicherheit<br> Die Firma Hein Colours GmbH setzt technische und organisatorische Sicherheitsma\u00dfnahmen ein, um zu gew\u00e4hrleisten, dass Ihre personenbezogenen Daten vor Verlust, unrichtigen Ver\u00e4nderungen oder unberechtigten Zugriffen Dritter gesch\u00fctzt sind. In jedem Fall haben nur berechtigte Personen Zutritt zu den pers\u00f6nlichen Daten, und dies auch nur insoweit, als es im Rahmen der oben genannten Zwecke erforderlich ist. Die Sicherheitsma\u00dfnahmen werden st\u00e4ndig den verbesserten technischen M\u00f6glichkeiten angepasst.\nWeitere Informationspflichten<br>\n          <br>5.1. Verantwortliche Stelle\nHein Colours GmbH\nIndustriestr. 2\n91489 Wilhelmsdorf\nGesch\u00e4ftsf\u00fchrer: Johannes Jacob\nSteuer-Nr.: 203\/128\/21223\nUST-IDNr. DE292074911\nHandelsregister, Amtsgericht F\u00fcrth HRB 18324 F\u00fcrth\nTel: +49 09104 826309-7\nFax: +49 09104 826309-9\nEmail: info@hein-colours.de\nInternet: www.hein-colours.de&nbsp;<br>\n          <br>5.2. Speicherdauer<br>Wir speichern Ihre Daten solange der Zweck der Speicherung erhalten bleibt (Anfragen, Projekte, Vertr\u00e4ge, etc.) Sollte der Zweck entfallen oder Sie die Einwilliung zur\u00fcckziehen, werden Ihre Daten durch den regelm\u00e4\u00dfigen L\u00f6schlauf gel\u00f6scht, sofern keine gesetzlichen Aufbewahrungsfristen&nbsp; eingehalten werden m\u00fcssen.&nbsp;<br>\n          <br>5.3. Kinder<br>Firma Hein Colours GmbH wird Daten von Kindern wissentlich nicht sammeln und verarbeiten. Sofern Sch\u00fcler Anfragen stellen, werden wir die Daten nur dann speichern, wenn die ausdr\u00fcckliche Zustimmung der Erziehungsberechtigten haben. Sofern Daten von Kindern dann gespeichert werden d\u00fcrfen, werden wir diese nur im Rahmen der gesetzlichen Vorgaben weitergeben. Unter den Begriff \"Kinder\" fallen die Definitionen aus dem nationalen Recht und den bei uns geltenden gesetzlichen Bestimmungen.&nbsp;<br>\n          <br>5.4. Profiling Ihrer Daten findet nicht statt<br>Eine automatische Entscheidungsfindung und\/oder ein Profiling mit Ihren Daten findet bei uns nicht statt.&nbsp;<br>\n          <br>5.5 Ihre Rechte<br>Sie k\u00f6nnen uns jederzeit ansprechen, wenn Sie eine Auskunft, eine L\u00f6schung, eine Einschr\u00e4nkung oder ein Widerspruch geltend machen wollen. Nutzen Sie dazu die vorhandenen Kontaktdaten. Anfragen m\u00fcssen schriftlich gestellt werden, damit wir den Anfrager eindeutig identifizieren k\u00f6nnen.&nbsp;<br>\n          <br>5.6. Beschwerderecht<br>Sofern Sie berechtigte Zweifel an unserem Umgang mit ihren Daten haben, informieren Sie uns oder wenden sie sich an die entsprechende Aufsichtsbeh\u00f6rde.&nbsp;<br>\n          <br>5.7 \u00c4nderungen<br>Wir behalten uns das Recht vor, diese Datenschutzerkl\u00e4rung von Zeit zu Zeit anzupassen. Deshalb empfehlen wir Ihnen eine regelm\u00e4\u00dfig Durchsicht dieser Erkl\u00e4rung.&nbsp;<br>\n          <br>6. Webfonts<br>Auf dieser Webpr\u00e4senz werden externe Schriften, z.B. Google Fonts verwendet. Google Fonts ist ein Dienst der Google Inc. (\"Google\"). Die Einbindung dieser Fonts erfolgt durch einen Serveraufruf, in der Regel ein Server von Google in den USA. Dem Server wird in diesem Moment \u00fcbermittelt, welche unserer Seiten Sie besucht haben. Ebenso wird die IP-Adresse des Endger\u00e4tes des Besuchers dieser Internetseiten von Google gespeichert. Weitere Informationen finden Sie in den Datenschutzhinweisen von Google, die Sie hier abrufen k\u00f6nnen: <a href=\"http:\/\/www.google.com\/fonts#AboutPlace:about\" class=\"u-active-none u-border-none u-btn u-button-style u-hover-none u-none u-text-palette-1-base u-btn-1\">www.google.com\/fonts#AboutPlace:about<\/a>\n          <a href=\"http:\/\/www.google.com\/policies\/privacy\/\" class=\"u-active-none u-border-none u-btn u-button-style u-hover-none u-none u-text-palette-1-base u-btn-2\">www.google.com\/policies\/privacy\/<\/a> Kartenmaterial von Google Maps<br> Diese Internetseiten beinhalten Plugins von Google Maps. Wenn Sie mit einer Karte von Google Maps ausgestattete Inhalte unserer Webseiten besuchen, wird eine Verbindung zu den Servern von Google aufgebaut. Dabei wird dem Google-Server mitgeteilt, welche Seiten unserer Internetpr\u00e4senz durch Sie besucht wurden. Sollten Sie gleichzeitig in Ihrem Google-Account eingeloggt sein, ist es Google m\u00f6glich, Ihr Surfverhalten mit Ihrem pers\u00f6nlichen Profil zu verkn\u00fcpfen. Sie k\u00f6nnen diese M\u00f6glichkeit der Zuordnung unterbinden, indem Sie sich zun\u00e4chst aus Ihrem Account ausloggen. Weitere Informationen zur Erhebung und Nutzung Ihrer Daten durch Google erhalten Sie in den dort angegebenen Hinweisen zum Datenschutz&nbsp;<u>\n            <a href=\"http:\/\/www.google.de\/maps\/\" class=\"u-active-none u-border-none u-btn u-button-style u-hover-none u-none u-text-palette-1-base u-btn-3\">http:\/\/www.google.de\/maps\/<\/a><\/u> Einbindung von Diensten und Inhalten Dritter<br> Wir setzen innerhalb unseres Onlineangebotes auf Grundlage unserer berechtigten Interessen (d.h. Interesse an der Analyse, Optimierung und wirtschaftlichem Betrieb unseres Onlineangebotes im Sinne des Art. 6 Abs. 1 lit. f. DSGVO) Inhalts- oder Serviceangebote von Drittanbietern ein, um deren Inhalte und Services, wie z.B. Videos oder Schriftarten einzubinden (nachfolgend einheitlich bezeichnet als \u201cInhalte\u201d).&nbsp;\nDies setzt immer voraus, dass die Drittanbieter dieser Inhalte, die IP-Adresse der Nutzer wahrnehmen, da sie ohne die IP-Adresse die Inhalte nicht an deren Browser senden k\u00f6nnten. Die IP-Adresse ist damit f\u00fcr die Darstellung dieser Inhalte erforderlich. Wir bem\u00fchen uns nur solche Inhalte zu verwenden, deren jeweilige Anbieter die IP-Adresse lediglich zur Auslieferung der Inhalte verwenden. Drittanbieter k\u00f6nnen ferner so genannte Pixel-Tags (unsichtbare Grafiken, auch als \"Web Beacons\" bezeichnet) f\u00fcr statistische oder Marketingzwecke verwenden. Durch die \"Pixel-Tags\" k\u00f6nnen Informationen, wie der Besucherverkehr auf den Seiten dieser Website ausgewertet werden. Die pseudonymen Informationen k\u00f6nnen ferner in Cookies auf dem Ger\u00e4t der Nutzer gespeichert werden und unter anderem technische Informationen zum Browser und Betriebssystem, verweisende Webseiten, Besuchszeit sowie weitere Angaben zur Nutzung unseres Onlineangebotes enthalten, als auch mit solchen Informationen aus anderen Quellen verbunden werden.\n[:en]\nDATA PROTECTION\nWith this statement, we inform you about privacy-related aspects and about the measures taken to protect your rights. The Hein Colours GmbH company complies with the requirements of the Federal Data Protection Act (BDSG) and the EU General Data Protection Regulation (EU-DSGVO).\nCollection and use of personal data<br>\n          <br>1.1. Basics<br>Your data is solely for the purpose of offering you the widest possible user-friendly, practical and secure Internet service. Personal information includes all information about the personal or material circumstances of a particular or identifiable natural person, e.g. Name, address, contact details, IP addresses, transmitted data, etc.&nbsp;<br>\n          <br>1.2. Automatic processing by website operation<br>The websites are operated by a provider in Germany, who in turn stores the accesses to the system in so-called server logs for the operation of the website. As a rule, the following data is collected: IP addresses, time stamps of accesses, names of web pages, transmitted data transmissions, logouts or cancellations, browser types, information from the operating system, referrer URLs. This data will not be stored or evaluated by us. In the case of a legitimate suspicion of misuse on the basis of specific information, these logfiles can be subsequently examined.&nbsp;<br>\n          <br>1.3. Data input by the website user<br>In addition, you can use our websites without the input of personal data without restrictions. If we collect personal data, we will each inform about the purpose, scope, legality, and possible disclosures and use this only for these purposes. The input of this data by you is voluntary.\nUse of the data<br>\n          <br>2.1. Hein Colours GmbH uses the collected and processed personal data exclusively for the purpose of providing our services from the user agreement concluded with you and for processing payments. Naturally, Hein Colours GmbH observes all applicable data protection laws, in particular the Federal Data Protection Act \/ EU-DSGVO and the Telemedia Act (TMG).&nbsp;<br>\n          <br>2.2. Hein Colours GmbH does not pass on your personal data to third parties for marketing or similar purposes. A transfer of data only takes place if and insofar as this is necessary for the implementation of the user agreement, the company Hein Colours GmbH is legally obliged to do so or it should be necessary to enforce the general conditions of use or other agreements with you and our rights and claims.&nbsp;<br>\n          <br>2.3. Customer information via eMail<br>In the context of customer loyalty, we send up-to-date information to our customers to inform you about news and changes within our offer. This information should not be confused with the general newsletters. As far as our offers are concerned and e.g. contains safety-relevant points or important information from our house, so we can do this only by email. Please understand.\ncookies<br>Our website uses cookies to provide you with effective handling and user-friendly handling. This requires the use of cookies and justifies our legitimate interest in using this technology. Most browsers offer you the functionality to display the used cookies.\nHowever, if you generally wish to prevent the use of cookies, your browser may prevent the acceptance and storage of new cookies. To find out how this works for your browser, please use the help function of the respective browser. However, Hein Colours GmbH recommends that you keep the cookie functions switched on, because only then will the high standard of user comfort that Hein Colours GmbH has set up for you fully benefit you. We do not create user profiles from these user data collected by cookies.\nsafety<br>Hein Colours GmbH uses technical and organizational security measures to ensure that your personal data is protected against loss, incorrect changes or unauthorized access by third parties. In any case, only authorized persons have access to the personal data, and only insofar as it is necessary for the purposes mentioned above. The security measures are constantly adapted to the improved technical possibilities.\nFurther information requirements<br>\n          <br>5.1. Responsible body\nHein Colours GmbH\nIndustriestr. 2\n91489 Wilhelmsdorf\nGesch\u00e4ftsf\u00fchrer: Johannes Jacob\nSteuer-Nr.: 203\/128\/21223\nUST-IDNr. DE292074911\nHandelsregister, Amtsgericht F\u00fcrth HRB 18324 F\u00fcrth\nTel: +49 09104 826309-7\nFax: +49 09104 826309-9\nEmail: info@hein-colours.de\nInternet: www.hein-colours.de&nbsp;<br>\n          <br>5.2. storage time<br>We store your data as long as the purpose of the storage remains (inquiries, projects, contracts, etc.) If the purpose is omitted or you withdraw the consent, your data will be deleted by the regular deletion, provided that no statutory storage periods must be observed.&nbsp;<br>\n          <br>5.3. children<br>Company Hein Colours GmbH will knowingly not collect and process data from children. If students make inquiries, we will only save the data if they have the express consent of the guardian. If children's data can then be stored, we will only pass this on to the legal requirements. The term \"children\" includes the definitions of national law and the legal provisions applicable to us.&nbsp;<br>\n          <br>5.4. Profiling of your data does not take place<br>An automatic decision-making and \/ or a profiling with your data does not take place with us.&nbsp;<br>\n          <br>5.5 Your rights<br>You can contact us at any time, if you want to assert an information, a deletion, a restriction or an objection. Use the existing contact data. Inquiries must be made in writing so that we can clearly identify the requester.&nbsp;<br>\n          <br>5.6. right of appeal<br>If you have reasonable doubts about our handling of your data, please inform us or contact the appropriate supervisory authority.&nbsp;<br>\n          <br>5.7 Changes<br>We reserve the right to change this privacy policy from time to time. Therefore we recommend a regular review of this statement.\n6. Webfonts<br>On this website external fonts, e.g. Google fonts used. Google Fonts is a service of Google Inc. (\"Google\"). The integration of these fonts is done by a server call, usually a Google server in the US. The server will be informed at this moment which of our pages you have visited. Likewise, the IP address of the terminal of the visitor of this website is stored by Google. For more information, see the Google Privacy Policy, which you can access here:\nwww.google.com\/fonts#AboutPlace:about\nwww.google.com\/policies\/privacy\/\nMaps from Google Maps<br>These websites contain plugins from Google Maps. If you visit Google Maps content from our websites, you will be connected to Google's servers. It tells the Google server, which pages of our website were visited by you. If you're logged in to your Google Account at the same time, Google will be able to link your browsing behavior to your personal profile. You can prevent this possibility of assignment by first logging out of your account. For more information about Google's collection and use of your data, please read the privacy policy http:\/\/www.google.com\/maps\/\nIntegration of services and contents of third parties<br>Based on our legitimate interests (ie interest in the analysis, optimization and economic operation of our online offer within the meaning of Art. 6 (1) lit. DSGVO), we make use of content or services offered by third-party providers in order to provide their content and services Services, such as Include videos or fonts (collectively referred to as \"content\").\nThis always presupposes that the third-party providers of this content perceive the IP address of the users, since they could not send the content to their browser without the IP address. The IP address is therefore required for the presentation of this content. We endeavor to use only content whose respective providers use the IP address solely for the delivery of the content. Third parties may also use so-called pixel tags (invisible graphics, also referred to as \"web beacons\") for statistical or marketing purposes. The \"pixel tags\" can be used to evaluate information such as visitor traffic on the pages of this website. The pseudonymous information may also be stored in cookies on the user's device and may include, but is not limited to, technical information about the browser and operating system, referring web pages, visit time, and other information regarding the use of our online offer.[:]\n        <\/p>\n      <\/div>\n    <\/section>\n    \n    \n    \n  \n","protected":false},"excerpt":{"rendered":"<p>DATENSCHUTZERKL\u00c4RUNG&nbsp; Mit dieser Erkl\u00e4rung informieren wir Sie \u00fcber datenschutzrelevanten Aspekte sowie \u00fcber die eingesetzten Ma\u00dfnahmen, um Ihre Rechte zu wahren.&nbsp; Die Firma Hein Colours GmbH h\u00e4lt sich an die Anforderungen des Bundesdatenschutzgesetzes (BDSG) und der EU-Datenschutzgrundverordnung (EU-DSGVO). Erfassung und Nutzung personenbezogener Daten 1.1. Grunds\u00e4tzlichesIhre Daten dienen allein dazu, Ihnen ein gr\u00f6\u00dftm\u00f6gliches benutzerfreundliches, praktisches und sicheres &hellip; <a href=\"https:\/\/hein-colours.de\/?page_id=3\" class=\"more-link\">Continue reading<span class=\"screen-reader-text\"> &#8222;Datenschutzerkl\u00e4rung&#8220;<\/span><\/a><\/p>\n","protected":false},"author":1,"featured_media":0,"parent":0,"menu_order":0,"comment_status":"closed","ping_status":"closed","template":"","meta":{"footnotes":""},"class_list":["post-3","page","type-page","status-publish","hentry"],"_links":{"self":[{"href":"https:\/\/hein-colours.de\/index.php?rest_route=\/wp\/v2\/pages\/3","targetHints":{"allow":["GET"]}}],"collection":[{"href":"https:\/\/hein-colours.de\/index.php?rest_route=\/wp\/v2\/pages"}],"about":[{"href":"https:\/\/hein-colours.de\/index.php?rest_route=\/wp\/v2\/types\/page"}],"author":[{"embeddable":true,"href":"https:\/\/hein-colours.de\/index.php?rest_route=\/wp\/v2\/users\/1"}],"replies":[{"embeddable":true,"href":"https:\/\/hein-colours.de\/index.php?rest_route=%2Fwp%2Fv2%2Fcomments&post=3"}],"version-history":[{"count":6,"href":"https:\/\/hein-colours.de\/index.php?rest_route=\/wp\/v2\/pages\/3\/revisions"}],"predecessor-version":[{"id":755,"href":"https:\/\/hein-colours.de\/index.php?rest_route=\/wp\/v2\/pages\/3\/revisions\/755"}],"wp:attachment":[{"href":"https:\/\/hein-colours.de\/index.php?rest_route=%2Fwp%2Fv2%2Fmedia&parent=3"}],"curies":[{"name":"wp","href":"https:\/\/api.w.org\/{rel}","templated":true}]}}